{"id":366,"date":"2019-02-23T17:41:45","date_gmt":"2019-02-23T17:41:45","guid":{"rendered":"https:\/\/jornaldasoficinas.com\/pt\/?page_id=366"},"modified":"2021-11-17T16:32:54","modified_gmt":"2021-11-17T16:32:54","slug":"estatuto-editorial","status":"publish","type":"page","link":"https:\/\/jornaldasoficinas.com\/pt\/estatuto-editorial\/","title":{"rendered":"Estatuto Editorial Jornal das Oficinas"},"content":{"rendered":"<p>1. O Jornal das Oficinas \u00e9 uma publica\u00e7\u00e3o independente dedicada \u00e0 manuten\u00e7\u00e3o e repara\u00e7\u00e3o de ve\u00edculos ligeiros e pesados, que tem como principal objetivo assegurar ao leitor o direito a ser informado com verdade, rigor e isen\u00e7\u00e3o acerca de todos os temas relacionados com o <em>aftermarket<\/em>.<\/p>\n<p>2. O Jornal das Oficinas rege-se por uma linha editorial que aposta na informa\u00e7\u00e3o t\u00e9cnica e em temas diversificados de real interesse para o <em>aftermarket,<\/em> sempre numa perspetiva de constante acompanhamento e divulga\u00e7\u00e3o das melhores pr\u00e1ticas do setor.<\/p>\n<p>3. O Jornal das Oficinas aborda todos os assuntos ligados ao mercado da repara\u00e7\u00e3o e manuten\u00e7\u00e3o de ve\u00edculos ligeiros e pesados, atrav\u00e9s de uma perspetiva inovadora e com a m\u00e1xima objetividade.<\/p>\n<p>4. O Jornal das Oficinas \u00e9 um \u00f3rg\u00e3o de comunica\u00e7\u00e3o social especializado no p\u00f3s-venda que representa uma completa fonte de informa\u00e7\u00e3o, n\u00e3o s\u00f3 sobre as novidades lan\u00e7adas no mercado, como, tamb\u00e9m, sobre os melhores procedimentos para uma boa gest\u00e3o das oficinas.<\/p>\n<p>5. O Jornal das Oficinas tem como objetivo divulgar tend\u00eancias, dar voz aos <em>players<\/em> do mercado e servir de meio privilegiado para o desenvolvimento de temas relacionados com a manuten\u00e7\u00e3o e repara\u00e7\u00e3o de ve\u00edculos ligeiros e pesados.<\/p>\n<p>6. O Jornal das Oficinas destina-se a todos aqueles que, por motivos profissionais, por necessidade ou por gosto, pretendem ter acesso a informa\u00e7\u00e3o cred\u00edvel, atual e independente sobre o que se passa no setor do p\u00f3s-venda autom\u00f3vel, em Portugal e no mundo.<\/p>\n<p>7. O Jornal das Oficinas procura corresponder \u00e0s necessidades de informa\u00e7\u00e3o, motiva\u00e7\u00f5es e interesses dos profissionais da manuten\u00e7\u00e3o e repara\u00e7\u00e3o de ve\u00edculos ligeiros e pesados. Para tal, participa em eventos e debates onde se discutem as grandes quest\u00f5es relacionadas com a atividade do p\u00f3s-venda, sempre numa perspetiva de moderniza\u00e7\u00e3o do mercado.<\/p>\n<p>8. O Jornal das Oficinas acompanha, permanentemente, a nova era da informa\u00e7\u00e3o digital (novas tecnologias e novos conceitos de neg\u00f3cio), promovendo a sua divulga\u00e7\u00e3o, an\u00e1lise e debate pelos profissionais.<\/p>\n<p>9. O Jornal das Oficinas \u00e9 uma publica\u00e7\u00e3o independente destinada a todos os profissionais do setor do p\u00f3s-venda. O seu conte\u00fado tem o objetivo de permitir ao leitor retirar o m\u00e1ximo da sua atividade profissional.<\/p>\n<p>10. O Jornal das Oficinas \u00e9 editado por profissionais, com mais de 20 anos de experi\u00eancia em jornalismo especializado na \u00e1rea autom\u00f3vel. As opini\u00f5es expressas em artigos assinados n\u00e3o correspondem necessariamente \u00e0 opini\u00e3o do editor. Os artigos baseiam-se em pesquisas verdadeiras, objetivas e rigorosas, realizadas com base em entrevistas e reportagens efetuadas a empresas e personalidades do setor do p\u00f3s-venda.<\/p>\n<p>11. O Jornal das Oficinas rejeita o jornalismo de tipo confidencial, que n\u00e3o hesita perante a devassa \u00e0 intimidade da vida privada dos profissionais, do mesmo modo que se recusa a alinhar em campanhas com o objetivo de denegrir a reputa\u00e7\u00e3o de pessoas, empresas ou associa\u00e7\u00f5es.<\/p>\n<p>12. O Jornal das Oficinas tem como objetivo proporcionar ao leitor um espa\u00e7o plural e permanentemente aberto aos acontecimentos e dinamismo do setor do p\u00f3s-venda.<\/p>\n<p>13. O Jornal das Oficinas consagra particular aten\u00e7\u00e3o, na linha que lhe est\u00e1 inerente, ao notici\u00e1rio e \u00e0 divulga\u00e7\u00e3o de produtos e servi\u00e7os, procurando manter o seu espa\u00e7o aberto \u00e0 colabora\u00e7\u00e3o de personalidades e decisores do <em>aftermarket<\/em>.<\/p>\n<p>14. O Jornal das Oficinas segue a orienta\u00e7\u00e3o definida, nos termos da Lei de Imprensa, pelo seu diretor e por este Estatuto Editorial, tendo como limites os princ\u00edpios consagrados na Constitui\u00e7\u00e3o.<\/p>\n<p>&nbsp;<\/p>\n<h2><strong>Estatuto Editorial Revista TOP 100<\/strong><\/h2>\n<ol>\n<li>\u00a0Revista TOP \u00e9 uma publica\u00e7\u00e3o independente dedicada aos maiores distribuidores aftermarket nacionais e tem como principal objetivo informar o leitor, com rigor e isen\u00e7\u00e3o, sobre temas da atualidade do setor aftermarket.<\/li>\n<\/ol>\n<ol start=\"2\">\n<li>A Revista TOP 100 rege-se por uma linha editorial que aposta na informa\u00e7\u00e3o de dados econ\u00f3mico-financeiros das empresas de distribui\u00e7\u00e3o aftermarket e em temas diversificados de real interesse para o setor, sempre numa perspetiva de constante acompanhamento e divulga\u00e7\u00e3o das melhores pr\u00e1ticas.<\/li>\n<\/ol>\n<ol start=\"3\">\n<li>A Revista TOP 100 aborda todas as categorias do aftermarket &#8211; distribuidores de pe\u00e7as para ve\u00edculos ligeiros, distribuidores de pe\u00e7as para ve\u00edculos pesados, distribuidores de equipamentos, distribuidores de repintura e distribuidores de pneus &#8211; atrav\u00e9s de uma perspetiva inovadora e com a m\u00e1xima objetividade.<\/li>\n<\/ol>\n<ol start=\"4\">\n<li>A Revista TOP 100 \u00e9 um \u00f3rg\u00e3o de comunica\u00e7\u00e3o social especializado no p\u00f3s-venda que representa uma completa fonte de informa\u00e7\u00e3o, n\u00e3o s\u00f3 sobre os novos modelos de neg\u00f3cio, como tamb\u00e9m sobre as boas pr\u00e1ticas de gest\u00e3o das empresas.<\/li>\n<\/ol>\n<ol start=\"5\">\n<li>A Revista TOP 100 tem como objetivo divulgar tend\u00eancias, dar voz aos players do mercado e servir de meio privilegiado para o desenvolvimento de temas relacionados com distribui\u00e7\u00e3o de pe\u00e7as e equipamentos, assim como a manuten\u00e7\u00e3o e repara\u00e7\u00e3o de ve\u00edculos ligeiros e pesados.<\/li>\n<\/ol>\n<ol start=\"6\">\n<li>A Revista TOP 100 destina-se a todos os profissionais que pretendem ter acesso a informa\u00e7\u00e3o cred\u00edvel, atual e independente sobre o que se passa no setor do p\u00f3s-venda autom\u00f3vel, em Portugal e no mundo.<\/li>\n<\/ol>\n<ol start=\"7\">\n<li>A Revista TOP 100 procura corresponder \u00e0s necessidades de informa\u00e7\u00e3o, motiva\u00e7\u00f5es e interesses dos profissionais da distribui\u00e7\u00e3o de pe\u00e7as para ve\u00edculos ligeiros e pesados, equipamentos, repintura e pneus. Para tal organiza anualmente a Gala TOP 100 onde re\u00fane os principais operadores do mercado, e onde distingue as melhores empresas com os Trof\u00e9us TOP 100.<\/li>\n<\/ol>\n<ol start=\"8\">\n<li>A Revista TOP 100 \u00e9 produzida por profissionais, com mais de 20 anos de experi\u00eancia em jornalismo especializado na \u00e1rea autom\u00f3vel. As opini\u00f5es expressas em artigos assinados n\u00e3o correspondem necessariamente \u00e0 opini\u00e3o do editor. Os artigos baseiam-se em pesquisas verdadeiras, objetivas e rigorosas, realizadas com base em entrevistas e reportagens efetuadas a empresas e personalidades do setor do p\u00f3s-venda.<\/li>\n<\/ol>\n<ol start=\"9\">\n<li>A Revista TOP 100 rejeita o jornalismo de tipo confidencial, que n\u00e3o hesita perante a devassa \u00e0 intimidade da vida privada dos profissionais, do mesmo modo que se recusa a alinhar em campanhas com o objetivo de denegrir a reputa\u00e7\u00e3o de pessoas, empresas ou associa\u00e7\u00f5es.<\/li>\n<\/ol>\n<ol start=\"10\">\n<li>A Revista TOP 100 tem como objetivo proporcionar ao leitor um espa\u00e7o plural e permanentemente aberto aos acontecimentos e dinamismo do setor do p\u00f3s-venda. O seu conte\u00fado tem o objetivo de permitir ao leitor retirar o m\u00e1ximo da sua atividade profissional.<\/li>\n<\/ol>\n<ol start=\"11\">\n<li>A Revista TOP 100 segue a orienta\u00e7\u00e3o definida, nos termos da Lei de Imprensa, pelo seu diretor e por este Estatuto Editorial, tendo como limites os princ\u00edpios consagrados na Constitui\u00e7\u00e3o.<\/li>\n<\/ol>\n<p>&nbsp;<\/p>\n","protected":false},"excerpt":{"rendered":"<p>1. O Jornal das Oficinas \u00e9&#8230;<\/p>\n","protected":false},"author":1,"featured_media":0,"parent":0,"menu_order":0,"comment_status":"closed","ping_status":"closed","template":"","meta":{"footnotes":""},"class_list":["post-366","page","type-page","status-publish","hentry"],"yoast_head":"<!-- This site is optimized with the Yoast SEO plugin v27.5 - https:\/\/yoast.com\/product\/yoast-seo-wordpress\/ -->\n<title>Estatuto Editorial Jornal das Oficinas - Jornal das Oficinas<\/title>\n<meta name=\"robots\" content=\"index, follow, max-snippet:-1, max-image-preview:large, max-video-preview:-1\" \/>\n<link rel=\"canonical\" href=\"https:\/\/jornaldasoficinas.com\/pt\/estatuto-editorial\/\" \/>\n<meta property=\"og:locale\" content=\"pt_PT\" \/>\n<meta property=\"og:type\" content=\"article\" \/>\n<meta property=\"og:title\" content=\"Estatuto Editorial Jornal das Oficinas - Jornal das Oficinas\" \/>\n<meta property=\"og:description\" content=\"1. O Jornal das Oficinas \u00e9...\" \/>\n<meta property=\"og:url\" content=\"https:\/\/jornaldasoficinas.com\/pt\/estatuto-editorial\/\" \/>\n<meta property=\"og:site_name\" content=\"Jornal das Oficinas\" \/>\n<meta property=\"article:publisher\" content=\"https:\/\/www.facebook.com\/jornaloficinas\" \/>\n<meta property=\"article:modified_time\" content=\"2021-11-17T16:32:54+00:00\" \/>\n<meta property=\"og:image\" content=\"https:\/\/jornaldasoficinas.com\/pt\/wp-content\/uploads\/logoJO-Yoast.png\" \/>\n\t<meta property=\"og:image:width\" content=\"1200\" \/>\n\t<meta property=\"og:image:height\" content=\"630\" \/>\n\t<meta property=\"og:image:type\" content=\"image\/png\" \/>\n<meta name=\"twitter:card\" content=\"summary_large_image\" \/>\n<meta name=\"twitter:site\" content=\"@jornaloficinas\" \/>\n<meta name=\"twitter:label1\" content=\"Tempo estimado de leitura\" \/>\n\t<meta name=\"twitter:data1\" content=\"5 minutos\" \/>\n<script type=\"application\/ld+json\" class=\"yoast-schema-graph\">{\"@context\":\"https:\\\/\\\/schema.org\",\"@graph\":[{\"@type\":\"WebPage\",\"@id\":\"https:\\\/\\\/jornaldasoficinas.com\\\/pt\\\/estatuto-editorial\\\/\",\"url\":\"https:\\\/\\\/jornaldasoficinas.com\\\/pt\\\/estatuto-editorial\\\/\",\"name\":\"Estatuto Editorial Jornal das Oficinas - Jornal das Oficinas\",\"isPartOf\":{\"@id\":\"https:\\\/\\\/jornaldasoficinas.com\\\/pt\\\/#website\"},\"datePublished\":\"2019-02-23T17:41:45+00:00\",\"dateModified\":\"2021-11-17T16:32:54+00:00\",\"breadcrumb\":{\"@id\":\"https:\\\/\\\/jornaldasoficinas.com\\\/pt\\\/estatuto-editorial\\\/#breadcrumb\"},\"inLanguage\":\"pt-PT\",\"potentialAction\":[{\"@type\":\"ReadAction\",\"target\":[\"https:\\\/\\\/jornaldasoficinas.com\\\/pt\\\/estatuto-editorial\\\/\"]}]},{\"@type\":\"BreadcrumbList\",\"@id\":\"https:\\\/\\\/jornaldasoficinas.com\\\/pt\\\/estatuto-editorial\\\/#breadcrumb\",\"itemListElement\":[{\"@type\":\"ListItem\",\"position\":1,\"name\":\"In\u00edcio\",\"item\":\"https:\\\/\\\/jornaldasoficinas.com\\\/pt\\\/\"},{\"@type\":\"ListItem\",\"position\":2,\"name\":\"Estatuto Editorial Jornal das Oficinas\"}]},{\"@type\":\"WebSite\",\"@id\":\"https:\\\/\\\/jornaldasoficinas.com\\\/pt\\\/#website\",\"url\":\"https:\\\/\\\/jornaldasoficinas.com\\\/pt\\\/\",\"name\":\"Jornal das Oficinas\",\"description\":\"Jornal independente do Aftermarket Autom\u00f3vel em Portugal\",\"publisher\":{\"@id\":\"https:\\\/\\\/jornaldasoficinas.com\\\/pt\\\/#organization\"},\"potentialAction\":[{\"@type\":\"SearchAction\",\"target\":{\"@type\":\"EntryPoint\",\"urlTemplate\":\"https:\\\/\\\/jornaldasoficinas.com\\\/pt\\\/?s={search_term_string}\"},\"query-input\":{\"@type\":\"PropertyValueSpecification\",\"valueRequired\":true,\"valueName\":\"search_term_string\"}}],\"inLanguage\":\"pt-PT\"},{\"@type\":\"Organization\",\"@id\":\"https:\\\/\\\/jornaldasoficinas.com\\\/pt\\\/#organization\",\"name\":\"Jornal das Oficinas\",\"url\":\"https:\\\/\\\/jornaldasoficinas.com\\\/pt\\\/\",\"logo\":{\"@type\":\"ImageObject\",\"inLanguage\":\"pt-PT\",\"@id\":\"https:\\\/\\\/jornaldasoficinas.com\\\/pt\\\/#\\\/schema\\\/logo\\\/image\\\/\",\"url\":\"https:\\\/\\\/jornaldasoficinas.com\\\/pt\\\/wp-content\\\/uploads\\\/logoJO-SEO.png\",\"contentUrl\":\"https:\\\/\\\/jornaldasoficinas.com\\\/pt\\\/wp-content\\\/uploads\\\/logoJO-SEO.png\",\"width\":285,\"height\":450,\"caption\":\"Jornal das Oficinas\"},\"image\":{\"@id\":\"https:\\\/\\\/jornaldasoficinas.com\\\/pt\\\/#\\\/schema\\\/logo\\\/image\\\/\"},\"sameAs\":[\"https:\\\/\\\/www.facebook.com\\\/jornaloficinas\",\"https:\\\/\\\/x.com\\\/jornaloficinas\",\"https:\\\/\\\/www.instagram.com\\\/jornal_oficinas\\\/\",\"https:\\\/\\\/www.linkedin.com\\\/company\\\/jornal-das-oficinas\\\/\",\"https:\\\/\\\/www.youtube.com\\\/channel\\\/UCbQZBqtcvV-oSQrr7RzINGg\"]}]}<\/script>\n<!-- \/ Yoast SEO plugin. -->","yoast_head_json":{"title":"Estatuto Editorial Jornal das Oficinas - Jornal das Oficinas","robots":{"index":"index","follow":"follow","max-snippet":"max-snippet:-1","max-image-preview":"max-image-preview:large","max-video-preview":"max-video-preview:-1"},"canonical":"https:\/\/jornaldasoficinas.com\/pt\/estatuto-editorial\/","og_locale":"pt_PT","og_type":"article","og_title":"Estatuto Editorial Jornal das Oficinas - Jornal das Oficinas","og_description":"1. O Jornal das Oficinas \u00e9...","og_url":"https:\/\/jornaldasoficinas.com\/pt\/estatuto-editorial\/","og_site_name":"Jornal das Oficinas","article_publisher":"https:\/\/www.facebook.com\/jornaloficinas","article_modified_time":"2021-11-17T16:32:54+00:00","og_image":[{"width":1200,"height":630,"url":"https:\/\/jornaldasoficinas.com\/pt\/wp-content\/uploads\/logoJO-Yoast.png","type":"image\/png"}],"twitter_card":"summary_large_image","twitter_site":"@jornaloficinas","twitter_misc":{"Tempo estimado de leitura":"5 minutos"},"schema":{"@context":"https:\/\/schema.org","@graph":[{"@type":"WebPage","@id":"https:\/\/jornaldasoficinas.com\/pt\/estatuto-editorial\/","url":"https:\/\/jornaldasoficinas.com\/pt\/estatuto-editorial\/","name":"Estatuto Editorial Jornal das Oficinas - Jornal das Oficinas","isPartOf":{"@id":"https:\/\/jornaldasoficinas.com\/pt\/#website"},"datePublished":"2019-02-23T17:41:45+00:00","dateModified":"2021-11-17T16:32:54+00:00","breadcrumb":{"@id":"https:\/\/jornaldasoficinas.com\/pt\/estatuto-editorial\/#breadcrumb"},"inLanguage":"pt-PT","potentialAction":[{"@type":"ReadAction","target":["https:\/\/jornaldasoficinas.com\/pt\/estatuto-editorial\/"]}]},{"@type":"BreadcrumbList","@id":"https:\/\/jornaldasoficinas.com\/pt\/estatuto-editorial\/#breadcrumb","itemListElement":[{"@type":"ListItem","position":1,"name":"In\u00edcio","item":"https:\/\/jornaldasoficinas.com\/pt\/"},{"@type":"ListItem","position":2,"name":"Estatuto Editorial Jornal das Oficinas"}]},{"@type":"WebSite","@id":"https:\/\/jornaldasoficinas.com\/pt\/#website","url":"https:\/\/jornaldasoficinas.com\/pt\/","name":"Jornal das Oficinas","description":"Jornal independente do Aftermarket Autom\u00f3vel em Portugal","publisher":{"@id":"https:\/\/jornaldasoficinas.com\/pt\/#organization"},"potentialAction":[{"@type":"SearchAction","target":{"@type":"EntryPoint","urlTemplate":"https:\/\/jornaldasoficinas.com\/pt\/?s={search_term_string}"},"query-input":{"@type":"PropertyValueSpecification","valueRequired":true,"valueName":"search_term_string"}}],"inLanguage":"pt-PT"},{"@type":"Organization","@id":"https:\/\/jornaldasoficinas.com\/pt\/#organization","name":"Jornal das Oficinas","url":"https:\/\/jornaldasoficinas.com\/pt\/","logo":{"@type":"ImageObject","inLanguage":"pt-PT","@id":"https:\/\/jornaldasoficinas.com\/pt\/#\/schema\/logo\/image\/","url":"https:\/\/jornaldasoficinas.com\/pt\/wp-content\/uploads\/logoJO-SEO.png","contentUrl":"https:\/\/jornaldasoficinas.com\/pt\/wp-content\/uploads\/logoJO-SEO.png","width":285,"height":450,"caption":"Jornal das Oficinas"},"image":{"@id":"https:\/\/jornaldasoficinas.com\/pt\/#\/schema\/logo\/image\/"},"sameAs":["https:\/\/www.facebook.com\/jornaloficinas","https:\/\/x.com\/jornaloficinas","https:\/\/www.instagram.com\/jornal_oficinas\/","https:\/\/www.linkedin.com\/company\/jornal-das-oficinas\/","https:\/\/www.youtube.com\/channel\/UCbQZBqtcvV-oSQrr7RzINGg"]}]}},"_links":{"self":[{"href":"https:\/\/jornaldasoficinas.com\/pt\/wp-json\/wp\/v2\/pages\/366","targetHints":{"allow":["GET"]}}],"collection":[{"href":"https:\/\/jornaldasoficinas.com\/pt\/wp-json\/wp\/v2\/pages"}],"about":[{"href":"https:\/\/jornaldasoficinas.com\/pt\/wp-json\/wp\/v2\/types\/page"}],"author":[{"embeddable":true,"href":"https:\/\/jornaldasoficinas.com\/pt\/wp-json\/wp\/v2\/users\/1"}],"replies":[{"embeddable":true,"href":"https:\/\/jornaldasoficinas.com\/pt\/wp-json\/wp\/v2\/comments?post=366"}],"version-history":[{"count":0,"href":"https:\/\/jornaldasoficinas.com\/pt\/wp-json\/wp\/v2\/pages\/366\/revisions"}],"wp:attachment":[{"href":"https:\/\/jornaldasoficinas.com\/pt\/wp-json\/wp\/v2\/media?parent=366"}],"curies":[{"name":"wp","href":"https:\/\/api.w.org\/{rel}","templated":true}]}}